{"id":8468,"date":"2024-11-20T08:35:36","date_gmt":"2024-11-20T08:35:36","guid":{"rendered":"https:\/\/freeshopswiss.alesca.org\/shop\/k-by-dolcegabbana\/"},"modified":"2025-05-19T07:27:29","modified_gmt":"2025-05-19T07:27:29","slug":"k-by-dolcegabbana","status":"publish","type":"product","link":"https:\/\/www.freeshopfrontiera.ch\/fr\/shop\/k-by-dolcegabbana\/","title":{"rendered":"K By Dolce&amp;Gabbana"},"content":{"rendered":"<p><strong>DOLCE&amp;GABBANA K By Dolce&amp;Gabbana Eau de Toilette : l\u2019essence de la masculinit\u00e9<\/strong><\/p>\n<p><strong>Un parfum qui enchante<\/strong><br \/>\nL\u2019eau de toilette DOLCE&amp;GABBANA K By Dolce&amp;Gabbana est un parfum qui c\u00e9l\u00e8bre la force moderne et la masculinit\u00e9. Id\u00e9al pour l\u2019homme qui aime se d\u00e9marquer, ce parfum se caract\u00e9rise par une harmonie parfaite de fra\u00eecheur et d\u2019intensit\u00e9. Le nom \u00ab K \u00bb est inspir\u00e9 de la couronne, symbole de royaut\u00e9 et de pouvoir. <strong>Les notes olfactives de DOLCE&amp;GABBANA K<\/strong><br \/>\nLes notes de t\u00eate de cette eau de toilette sont fruit\u00e9es, avec de la bergamote et du citron. Le c\u0153ur est enrichi de lavande, de romarin et de poivre, tandis que le fond est domin\u00e9 par le bois de c\u00e8dre, le v\u00e9tiver et le musc. Le r\u00e9sultat est un parfum \u00e9l\u00e9gant, frais et en m\u00eame temps chaleureux. <strong>Un parfum<\/strong><br \/>\npolyvalent et durableK By Dolce&amp;Gabbana est parfait \u00e0 tout moment de la journ\u00e9e. Gr\u00e2ce \u00e0 sa fra\u00eecheur initiale, il est id\u00e9al pour un usage quotidien, tandis que sa profondeur le rend \u00e9galement adapt\u00e9 aux \u00e9v\u00e9nements sp\u00e9ciaux. Sa longue dur\u00e9e de vie vous permet de profiter de son sillage toute la journ\u00e9e. <strong>Le design \u00e9l\u00e9gant de la bouteille<\/strong><br \/>\nLe flacon de DOLCE&amp;GABBANA K est tout aussi sophistiqu\u00e9 que le parfum lui-m\u00eame. Avec une forme simple mais moderne, le design rappelle le concept de royaut\u00e9 et de force. Le bouchon en forme de couronne est l\u2019\u00e9l\u00e9ment distinctif qui ajoute de l\u2019\u00e9l\u00e9gance \u00e0 la bouteille. <strong>Pour l\u2019homme s\u00fbr<\/strong><br \/>\nde luiDOLCE&amp;GABBANA K by Dolce&amp;Gabbana est le choix parfait pour l\u2019homme qui veut exprimer son charisme et sa confiance. Le parfum respire l\u2019\u00e9nergie et la d\u00e9termination, ce qui le rend id\u00e9al pour ceux qui veulent laisser une marque ind\u00e9l\u00e9bile. <strong>Conclusion<\/strong><br \/>\nL\u2019eau de toilette K By Dolce&amp;Gabbana est un parfum qui allie fra\u00eecheur, intensit\u00e9 et style. Parfait pour l\u2019homme moderne qui veut un parfum \u00e9l\u00e9gant, polyvalent et durable.<\/p>\n<p>Suivez toutes nos actualit\u00e9s ! <a href=\"https:\/\/www.instagram.com\/freeshopswiss\/\" target=\"_blank\" rel=\"noopener\">@freeshopswiss<\/a><\/p>\n","protected":false},"excerpt":{"rendered":"<p><em><strong>DOLCE&amp;GABBANA K par Dolce&amp;Gabbana<\/strong> L\u2019eau de toilette est un parfum frais et intense, con\u00e7u pour l\u2019homme moderne. Avec des notes de bergamote, de lavande et de bois de c\u00e8dre, il offre \u00e9l\u00e9gance, polyvalence et durabilit\u00e9. Un parfum qui exprime la force et le charisme, id\u00e9al pour toutes les occasions. <\/em><\/p>\n","protected":false},"featured_media":8460,"comment_status":"open","ping_status":"closed","template":"","meta":[],"pwb-brand":[272],"product_brand":[],"product_cat":[87,89],"product_tag":[141,1629,143,97],"class_list":{"0":"post-8468","1":"product","2":"type-product","3":"status-publish","4":"has-post-thumbnail","6":"pwb-brand-dolcegabbana","7":"product_cat-parfums","8":"product_cat-pour-lui","9":"product_tag-eau-de-toilette-fr","10":"product_tag-mens-fragrances-fr","11":"product_tag-homme","12":"product_tag-parfums","14":"first","15":"outofstock","16":"sale","17":"taxable","18":"shipping-taxable","19":"purchasable","20":"product-type-simple"},"brands":[{"id":272,"name":"Dolce&amp;Gabbana","slug":"dolcegabbana"}],"_links":{"self":[{"href":"https:\/\/www.freeshopfrontiera.ch\/fr\/wp-json\/wp\/v2\/product\/8468","targetHints":{"allow":["GET"]}}],"collection":[{"href":"https:\/\/www.freeshopfrontiera.ch\/fr\/wp-json\/wp\/v2\/product"}],"about":[{"href":"https:\/\/www.freeshopfrontiera.ch\/fr\/wp-json\/wp\/v2\/types\/product"}],"replies":[{"embeddable":true,"href":"https:\/\/www.freeshopfrontiera.ch\/fr\/wp-json\/wp\/v2\/comments?post=8468"}],"version-history":[{"count":1,"href":"https:\/\/www.freeshopfrontiera.ch\/fr\/wp-json\/wp\/v2\/product\/8468\/revisions"}],"predecessor-version":[{"id":30607,"href":"https:\/\/www.freeshopfrontiera.ch\/fr\/wp-json\/wp\/v2\/product\/8468\/revisions\/30607"}],"wp:featuredmedia":[{"embeddable":true,"href":"https:\/\/www.freeshopfrontiera.ch\/fr\/wp-json\/wp\/v2\/media\/8460"}],"wp:attachment":[{"href":"https:\/\/www.freeshopfrontiera.ch\/fr\/wp-json\/wp\/v2\/media?parent=8468"}],"wp:term":[{"taxonomy":"pwb-brand","embeddable":true,"href":"https:\/\/www.freeshopfrontiera.ch\/fr\/wp-json\/wp\/v2\/pwb-brand?post=8468"},{"taxonomy":"product_brand","embeddable":true,"href":"https:\/\/www.freeshopfrontiera.ch\/fr\/wp-json\/wp\/v2\/product_brand?post=8468"},{"taxonomy":"product_cat","embeddable":true,"href":"https:\/\/www.freeshopfrontiera.ch\/fr\/wp-json\/wp\/v2\/product_cat?post=8468"},{"taxonomy":"product_tag","embeddable":true,"href":"https:\/\/www.freeshopfrontiera.ch\/fr\/wp-json\/wp\/v2\/product_tag?post=8468"}],"curies":[{"name":"wp","href":"https:\/\/api.w.org\/{rel}","templated":true}]}}