{"id":8492,"date":"2024-11-20T09:07:12","date_gmt":"2024-11-20T09:07:12","guid":{"rendered":"https:\/\/freeshopswiss.alesca.org\/shop\/narciso-rodriguez-pour-elle\/"},"modified":"2025-12-15T09:04:58","modified_gmt":"2025-12-15T09:04:58","slug":"narciso-rodriguez-pour-elle","status":"publish","type":"product","link":"https:\/\/www.freeshopfrontiera.ch\/fr\/shop\/narciso-rodriguez-pour-elle\/","title":{"rendered":"NARCISO RODRIGUEZ Pour Elle EdT"},"content":{"rendered":"<p><strong>NARCISO RODRIGUEZ Pour Son Eau de Toilette : L\u2019Essence de la F\u00e9minit\u00e9<\/strong><\/p>\n<p>Un parfum<br \/>\n<strong>iconique et raffin\u00e9<\/strong>L\u2019Eau de Toilette NARCISO For Her est un parfum qui incarne la f\u00e9minit\u00e9 contemporaine, \u00e9l\u00e9gante et sensuelle. Cr\u00e9\u00e9e pour la femme qui veut un parfum unique, cette eau de toilette est une combinaison parfaite de fra\u00eecheur et de chaleur, capable de captiver celle qui la porte et ceux qui la per\u00e7oivent. <strong>Les notes olfactives de NARCISO Pour Elle<\/strong><br \/>\nLes notes de t\u00eate de NARCISO RODRIGUEZ For Her sont fra\u00eeches et florales, avec une d\u00e9licate pointe d\u2019osmanthus et de poivre rose. Le c\u0153ur de la fragrance est envelopp\u00e9 d\u2019un bouquet de musc, ce qui conf\u00e8re au parfum une sensualit\u00e9 unique. Les notes de fond, compos\u00e9es de bois de santal et de c\u00e8dre, ajoutent un fond chaud et enveloppant, qui rend cette fragrance inoubliable. <strong>Un parfum polyvalent et durable<\/strong><br \/>\nL\u2019eau de toilette NARCISO RODRIGUEZ For Her est parfaite \u00e0 tout moment de la journ\u00e9e. Sa fra\u00eecheur le rend id\u00e9al pour un usage quotidien, tandis que son intensit\u00e9 et sa profondeur le rendent \u00e9galement adapt\u00e9 aux occasions sp\u00e9ciales. La longue dur\u00e9e du parfum garantit que son sillage reste longtemps sur la peau, cr\u00e9ant ainsi une empreinte olfactive unique. <strong>Le design \u00e9l\u00e9gant de la bouteille<\/strong><br \/>\nLe flacon de NARCISO For Her est un v\u00e9ritable symbole d\u2019\u00e9l\u00e9gance. Le verre transparent simple mais sophistiqu\u00e9 met en valeur la couleur ros\u00e9e du parfum, tandis que le capuchon noir minimaliste ajoute une touche moderne. Un design qui refl\u00e8te l\u2019essence raffin\u00e9e du parfum. <strong>Pour la femme confiante et sensuelle<\/strong><br \/>\nNARCISO RODRIGUEZ For Her est con\u00e7u pour la femme qui veut exprimer sa sensualit\u00e9 et son raffinement. C\u2019est le parfum id\u00e9al pour ceux qui veulent laisser une empreinte sophistiqu\u00e9e, sans sacrifier la fra\u00eecheur et la d\u00e9licatesse. <strong>Conclusion<\/strong><br \/>\nL\u2019Eau de Toilette For Her est une fragrance qui allie fra\u00eecheur, sensualit\u00e9 et sophistication. Un must-have pour toutes les femmes qui veulent se sentir uniques et inoubliables, \u00e0 chaque occasion.<\/p>\n<p>Suivez toutes nos actualit\u00e9s ! <a href=\"https:\/\/www.instagram.com\/freeshopswiss\/\" target=\"_blank\" rel=\"noopener\">@freeshopswiss<\/a><\/p>\n","protected":false},"excerpt":{"rendered":"<p><em><strong>L\u2019Eau de Toilette NARCISO RODRIGUEZ For Her<\/strong> est un parfum frais et sensuel, aux notes d\u2019osmanthus, de musc et de bois de c\u00e8dre. \u00c9l\u00e9gant et raffin\u00e9, il est parfait pour toutes les occasions, offrant une longue dur\u00e9e de vie et un sillage inoubliable. <\/em><\/p>\n","protected":false},"featured_media":8482,"comment_status":"open","ping_status":"closed","template":"","meta":[],"pwb-brand":[284],"product_brand":[],"product_cat":[96,87,109],"product_tag":[141,296,5050,789,97,5074,4367],"class_list":{"0":"post-8492","1":"product","2":"type-product","3":"status-publish","4":"has-post-thumbnail","6":"pwb-brand-narciso-rodriguez","7":"product_cat-evidence","8":"product_cat-parfums","9":"product_cat-pour-elle","10":"product_tag-eau-de-toilette-fr","11":"product_tag-femme","12":"product_tag-fete-des-meres","13":"product_tag-womens-fragrances-fr","14":"product_tag-parfums","15":"product_tag-parfums-pour-la-fete-des-meres","16":"product_tag-special-printemps","18":"first","19":"instock","20":"sale","21":"taxable","22":"shipping-taxable","23":"purchasable","24":"product-type-variable","25":"has-default-attributes"},"brands":[{"id":284,"name":"Narciso Rodriguez","slug":"narciso-rodriguez"}],"_links":{"self":[{"href":"https:\/\/www.freeshopfrontiera.ch\/fr\/wp-json\/wp\/v2\/product\/8492","targetHints":{"allow":["GET"]}}],"collection":[{"href":"https:\/\/www.freeshopfrontiera.ch\/fr\/wp-json\/wp\/v2\/product"}],"about":[{"href":"https:\/\/www.freeshopfrontiera.ch\/fr\/wp-json\/wp\/v2\/types\/product"}],"replies":[{"embeddable":true,"href":"https:\/\/www.freeshopfrontiera.ch\/fr\/wp-json\/wp\/v2\/comments?post=8492"}],"version-history":[{"count":2,"href":"https:\/\/www.freeshopfrontiera.ch\/fr\/wp-json\/wp\/v2\/product\/8492\/revisions"}],"predecessor-version":[{"id":37871,"href":"https:\/\/www.freeshopfrontiera.ch\/fr\/wp-json\/wp\/v2\/product\/8492\/revisions\/37871"}],"wp:featuredmedia":[{"embeddable":true,"href":"https:\/\/www.freeshopfrontiera.ch\/fr\/wp-json\/wp\/v2\/media\/8482"}],"wp:attachment":[{"href":"https:\/\/www.freeshopfrontiera.ch\/fr\/wp-json\/wp\/v2\/media?parent=8492"}],"wp:term":[{"taxonomy":"pwb-brand","embeddable":true,"href":"https:\/\/www.freeshopfrontiera.ch\/fr\/wp-json\/wp\/v2\/pwb-brand?post=8492"},{"taxonomy":"product_brand","embeddable":true,"href":"https:\/\/www.freeshopfrontiera.ch\/fr\/wp-json\/wp\/v2\/product_brand?post=8492"},{"taxonomy":"product_cat","embeddable":true,"href":"https:\/\/www.freeshopfrontiera.ch\/fr\/wp-json\/wp\/v2\/product_cat?post=8492"},{"taxonomy":"product_tag","embeddable":true,"href":"https:\/\/www.freeshopfrontiera.ch\/fr\/wp-json\/wp\/v2\/product_tag?post=8492"}],"curies":[{"name":"wp","href":"https:\/\/api.w.org\/{rel}","templated":true}]}}