{"id":8722,"date":"2024-11-20T17:08:47","date_gmt":"2024-11-20T17:08:47","guid":{"rendered":"https:\/\/freeshopswiss.alesca.org\/shop\/gianni-versace-eros\/"},"modified":"2026-03-09T11:03:31","modified_gmt":"2026-03-09T11:03:31","slug":"versace-eros-eau-de-toilette","status":"publish","type":"product","link":"https:\/\/www.freeshopfrontiera.ch\/fr\/shop\/versace-eros-eau-de-toilette\/","title":{"rendered":"VERSACE Eros Eau de Toilette"},"content":{"rendered":"<p><strong>VERSACE Eros Eau de Toilette : Le pouvoir du parfum pour homme<\/strong><\/p>\n<p><strong>Un parfum intense et s\u00e9duisant<\/strong><br \/>\nEros Eau de Toilette est un parfum puissant et s\u00e9duisant, con\u00e7u pour l\u2019homme s\u00fbr de lui. Avec une composition olfactive enveloppante, il repr\u00e9sente le d\u00e9sir et la passion. Le parfum incarne la force de la personnalit\u00e9 masculine moderne, parfaite pour ceux qui recherchent une essence qui laisse sa marque.<\/p>\n<p><strong>Les notes olfactives de VERSACE Eros Eau de Toilette<\/strong><br \/>\nLes notes de t\u00eate de VERSACE Eros sont fra\u00eeches et citronn\u00e9es, avec du citron, de la menthe et de la pomme verte. Ces premiers \u00e9l\u00e9ments offrent une sensation de fra\u00eecheur et d\u2019\u00e9nergie. Le c\u0153ur de la fragrance est domin\u00e9 par un m\u00e9lange floral et \u00e9pic\u00e9, avec du g\u00e9ranium et de l\u2019ambroxan. Les notes de fond, enrichies de vanille, de musc et de bois de c\u00e8dre, donnent une base chaleureuse et sensuelle.<\/p>\n<p><strong>Un parfum parfait pour toutes les occasions<\/strong><br \/>\nL\u2019eau de toilette Eros convient \u00e0 diff\u00e9rentes occasions. Sa fra\u00eecheur initiale le rend id\u00e9al pour la journ\u00e9e, tandis que son intensit\u00e9 le rend \u00e9galement parfait pour le soir. Sa longue dur\u00e9e de vie garantit que son sillage s\u00e9duisant reste sur la peau tout au long de la journ\u00e9e, ce qui lui donne une empreinte unique.<\/p>\n<p><strong>Le design \u00e9l\u00e9gant de la bouteille<\/strong><br \/>\nLe flacon de VERSACE Eros est un v\u00e9ritable symbole de luxe et de puissance. Le design se caract\u00e9rise par des lignes \u00e9l\u00e9gantes et des d\u00e9tails dor\u00e9s, avec le c\u00e9l\u00e8bre logo des m\u00e9duses Versace. Le verre d\u2019un bleu profond rappelle le caract\u00e8re fort et sophistiqu\u00e9 de la fragrance.<\/p>\n<p><strong>Pour l\u2019homme audacieux et confiant<\/strong><br \/>\nVERSACE Eros est con\u00e7u pour l\u2019homme qui veut exprimer sa force, sa sensualit\u00e9 et sa d\u00e9termination. C\u2019est le parfum id\u00e9al pour ceux qui veulent laisser une empreinte ind\u00e9l\u00e9bile partout o\u00f9 ils vont.<\/p>\n<p><strong>Conclusion<\/strong><br \/>\nL\u2019eau de toilette Eros est un parfum intense et s\u00e9duisant, parfait pour l\u2019homme moderne et s\u00fbr de lui. Avec une combinaison de fra\u00eecheur, de sensualit\u00e9 et de chaleur, il est id\u00e9al pour ceux qui veulent un parfum qui repr\u00e9sente leur personnalit\u00e9.<\/p>\n<p>Suivez toutes nos actualit\u00e9s ! <a href=\"https:\/\/www.instagram.com\/freeshopswiss\/\" target=\"_blank\" rel=\"noopener\">@freeshopswiss<\/a><\/p>\n","protected":false},"excerpt":{"rendered":"<p><em><strong>GIANNI VERSACE Eros Eau de Toilette<\/strong> est un parfum intense et s\u00e9duisant, aux notes de citron, de menthe, de g\u00e9ranium et de bois de c\u00e8dre. Parfait pour l\u2019homme confiant et audacieux. <\/em><\/p>\n","protected":false},"featured_media":8713,"comment_status":"open","ping_status":"closed","template":"","meta":[],"pwb-brand":[124],"product_brand":[],"product_cat":[87,89,4195],"product_tag":[141,1629,143,278,97,4367],"class_list":{"0":"post-8722","1":"product","2":"type-product","3":"status-publish","4":"has-post-thumbnail","6":"pwb-brand-versace","7":"product_cat-parfums","8":"product_cat-pour-lui","9":"product_cat-parfums-offer","10":"product_tag-eau-de-toilette-fr","11":"product_tag-mens-fragrances-fr","12":"product_tag-homme","13":"product_tag-offre","14":"product_tag-parfums","15":"product_tag-special-printemps","17":"first","18":"instock","19":"sale","20":"taxable","21":"shipping-taxable","22":"purchasable","23":"product-type-variable","24":"has-default-attributes"},"brands":[{"id":124,"name":"Versace","slug":"versace"}],"_links":{"self":[{"href":"https:\/\/www.freeshopfrontiera.ch\/fr\/wp-json\/wp\/v2\/product\/8722","targetHints":{"allow":["GET"]}}],"collection":[{"href":"https:\/\/www.freeshopfrontiera.ch\/fr\/wp-json\/wp\/v2\/product"}],"about":[{"href":"https:\/\/www.freeshopfrontiera.ch\/fr\/wp-json\/wp\/v2\/types\/product"}],"replies":[{"embeddable":true,"href":"https:\/\/www.freeshopfrontiera.ch\/fr\/wp-json\/wp\/v2\/comments?post=8722"}],"version-history":[{"count":4,"href":"https:\/\/www.freeshopfrontiera.ch\/fr\/wp-json\/wp\/v2\/product\/8722\/revisions"}],"predecessor-version":[{"id":40859,"href":"https:\/\/www.freeshopfrontiera.ch\/fr\/wp-json\/wp\/v2\/product\/8722\/revisions\/40859"}],"wp:featuredmedia":[{"embeddable":true,"href":"https:\/\/www.freeshopfrontiera.ch\/fr\/wp-json\/wp\/v2\/media\/8713"}],"wp:attachment":[{"href":"https:\/\/www.freeshopfrontiera.ch\/fr\/wp-json\/wp\/v2\/media?parent=8722"}],"wp:term":[{"taxonomy":"pwb-brand","embeddable":true,"href":"https:\/\/www.freeshopfrontiera.ch\/fr\/wp-json\/wp\/v2\/pwb-brand?post=8722"},{"taxonomy":"product_brand","embeddable":true,"href":"https:\/\/www.freeshopfrontiera.ch\/fr\/wp-json\/wp\/v2\/product_brand?post=8722"},{"taxonomy":"product_cat","embeddable":true,"href":"https:\/\/www.freeshopfrontiera.ch\/fr\/wp-json\/wp\/v2\/product_cat?post=8722"},{"taxonomy":"product_tag","embeddable":true,"href":"https:\/\/www.freeshopfrontiera.ch\/fr\/wp-json\/wp\/v2\/product_tag?post=8722"}],"curies":[{"name":"wp","href":"https:\/\/api.w.org\/{rel}","templated":true}]}}