{"id":8893,"date":"2024-11-27T14:38:37","date_gmt":"2024-11-27T14:38:37","guid":{"rendered":"https:\/\/freeshopswiss.alesca.org\/shop\/af-authentic-moment-pour-homme\/"},"modified":"2024-11-27T14:38:37","modified_gmt":"2024-11-27T14:38:37","slug":"af-authentic-moment-pour-homme","status":"publish","type":"product","link":"https:\/\/www.freeshopfrontiera.ch\/fr\/shop\/af-authentic-moment-pour-homme\/","title":{"rendered":"A&amp;F Authentic Moment Pour Homme"},"content":{"rendered":"<p><strong>A&amp;F Authentic Moment For Men&nbsp;: Une essence de style et d\u2019\u00e9l\u00e9gance<\/strong><\/p>\n<p>Abercrombie &amp; Fitch est une marque connue pour sa capacit\u00e9 \u00e0 capturer l\u2019esprit du luxe d\u00e9contract\u00e9 et contemporain. Avec <strong>l\u2019Eau de Toilette Authentic Moment For Men<\/strong>, la maison propose une fragrance fra\u00eeche et intense, con\u00e7ue pour l\u2019homme moderne et dynamique. Ce parfum est id\u00e9al pour ceux qui recherchent un parfum qui refl\u00e8te leur personnalit\u00e9, avec une touche d\u2019\u00e9l\u00e9gance et une forte charge d\u2019\u00e9nergie.  <\/p>\n<p><strong>Les notes olfactives d\u2019Abercrombie &amp; Fitch : un moment authentique pour les hommes<\/strong><\/p>\n<p>Les notes de t\u00eate <strong>d\u2019A&amp;F Authentic Moment For Men<\/strong> sont fra\u00eeches et citronn\u00e9es. <strong>La bergamote<\/strong> et le <strong>pamplemousse<\/strong> cr\u00e9ent une explosion de fra\u00eecheur qui attire imm\u00e9diatement l\u2019\u0153il. Ces accents d\u2019agrumes s\u2019accompagnent d\u2019un c\u0153ur \u00e9pic\u00e9, o\u00f9 pr\u00e9dominent des notes de <strong>poivre noir<\/strong> et de <strong>cardamome<\/strong>. Ces ingr\u00e9dients donnent au parfum une personnalit\u00e9 forte mais en m\u00eame temps raffin\u00e9e. Les notes de fond, notamment <strong>le bois de c\u00e8dre<\/strong> et le <strong>musc<\/strong>, donnent de la profondeur et persistent sur la peau pendant de nombreuses heures, ce qui rend ce parfum parfait \u00e0 tout moment de la journ\u00e9e.    <\/p>\n<p><strong>Un parfum pour l\u2019homme contemporain<\/strong><\/p>\n<p><strong>L\u2019eau de toilette Authentic Moment For Men<\/strong> est con\u00e7ue pour l\u2019homme qui recherche un parfum adapt\u00e9 \u00e0 son style de vie actif et sophistiqu\u00e9. Le parfum est polyvalent, parfait pour le bureau, une soir\u00e9e \u00e9l\u00e9gante ou une journ\u00e9e d\u00e9contract\u00e9e. Sa fra\u00eecheur initiale se transforme en un sillage plus intense et enveloppant, qui laisse une agr\u00e9able sensation de s\u00e9curit\u00e9 et de classe.  <\/p>\n<p><strong>Design de bouteille \u00e9l\u00e9gant et moderne<\/strong><\/p>\n<p>Le <strong>flacon d\u2019Authentic Moment For Men<\/strong> est \u00e9l\u00e9gant et minimaliste. Le verre transparent r\u00e9v\u00e8le la couleur ambr\u00e9e du parfum, tandis que le capuchon m\u00e9tallique donne une touche de luxe discret. Le design sobre et essentiel est en parfaite harmonie avec l\u2019identit\u00e9 de la marque Abercrombie &amp; Fitch.  <\/p>\n<p><strong>Pourquoi choisir Abercrombie &amp; Fitch Authentic Moment For Men&nbsp;?<\/strong><\/p>\n<p>A&amp;F Authentic Moment For Men est un parfum qui allie fra\u00eecheur et intensit\u00e9, con\u00e7u pour l\u2019homme moderne qui ne veut pas passer inaper\u00e7u. Gr\u00e2ce \u00e0 sa composition \u00e9quilibr\u00e9e et \u00e0 sa durabilit\u00e9, il est id\u00e9al pour ceux qui recherchent un parfum polyvalent et raffin\u00e9. Si vous voulez un parfum qui exprime votre personnalit\u00e9 et vous accompagne \u00e0 tout moment de la journ\u00e9e, <strong>l\u2019eau de toilette Abercrombie &amp; Fitch Authentic Moment For Men<\/strong> est le bon choix.  <\/p>\n<p>Suivez toutes nos actualit\u00e9s ! <a href=\"https:\/\/www.instagram.com\/freeshopswiss\/\" target=\"_blank\" rel=\"noopener\">@freeshopswiss<\/a><\/p>\n","protected":false},"excerpt":{"rendered":"<div class=\"flex-shrink-0 flex flex-col relative items-end\">\n<div>\n<div class=\"pt-0\">\n<div class=\"gizmo-bot-avatar flex h-8 w-8 items-center justify-center overflow-hidden rounded-full\">\n<div class=\"relative p-1 rounded-sm flex items-center justify-center bg-token-main-surface-primary text-token-text-primary h-8 w-8\"><em><strong>L\u2019eau de toilette Abercrombie &amp; Fitch Authentic Moment For Men<\/strong> est un parfum frais et intense, aux notes de bergamote, de poivre noir et de bois de c\u00e8dre. Id\u00e9al pour l\u2019homme moderne, il allie \u00e9l\u00e9gance et \u00e9nergie dans un parfum polyvalent et durable. <\/em><\/div>\n<\/div>\n<\/div>\n<\/div>\n<\/div>\n","protected":false},"featured_media":8887,"comment_status":"open","ping_status":"closed","template":"","meta":[],"pwb-brand":[288],"product_brand":[],"product_cat":[87,89],"product_tag":[141,1629,143,97],"class_list":{"0":"post-8893","1":"product","2":"type-product","3":"status-publish","4":"has-post-thumbnail","6":"pwb-brand-abercrombiefitch","7":"product_cat-parfums","8":"product_cat-pour-lui","9":"product_tag-eau-de-toilette-fr","10":"product_tag-mens-fragrances-fr","11":"product_tag-homme","12":"product_tag-parfums","14":"first","15":"outofstock","16":"taxable","17":"shipping-taxable","18":"product-type-variable","19":"has-default-attributes"},"brands":[{"id":288,"name":"Abercrombie&amp;Fitch","slug":"abercrombiefitch"}],"_links":{"self":[{"href":"https:\/\/www.freeshopfrontiera.ch\/fr\/wp-json\/wp\/v2\/product\/8893","targetHints":{"allow":["GET"]}}],"collection":[{"href":"https:\/\/www.freeshopfrontiera.ch\/fr\/wp-json\/wp\/v2\/product"}],"about":[{"href":"https:\/\/www.freeshopfrontiera.ch\/fr\/wp-json\/wp\/v2\/types\/product"}],"replies":[{"embeddable":true,"href":"https:\/\/www.freeshopfrontiera.ch\/fr\/wp-json\/wp\/v2\/comments?post=8893"}],"version-history":[{"count":1,"href":"https:\/\/www.freeshopfrontiera.ch\/fr\/wp-json\/wp\/v2\/product\/8893\/revisions"}],"predecessor-version":[{"id":20914,"href":"https:\/\/www.freeshopfrontiera.ch\/fr\/wp-json\/wp\/v2\/product\/8893\/revisions\/20914"}],"wp:featuredmedia":[{"embeddable":true,"href":"https:\/\/www.freeshopfrontiera.ch\/fr\/wp-json\/wp\/v2\/media\/8887"}],"wp:attachment":[{"href":"https:\/\/www.freeshopfrontiera.ch\/fr\/wp-json\/wp\/v2\/media?parent=8893"}],"wp:term":[{"taxonomy":"pwb-brand","embeddable":true,"href":"https:\/\/www.freeshopfrontiera.ch\/fr\/wp-json\/wp\/v2\/pwb-brand?post=8893"},{"taxonomy":"product_brand","embeddable":true,"href":"https:\/\/www.freeshopfrontiera.ch\/fr\/wp-json\/wp\/v2\/product_brand?post=8893"},{"taxonomy":"product_cat","embeddable":true,"href":"https:\/\/www.freeshopfrontiera.ch\/fr\/wp-json\/wp\/v2\/product_cat?post=8893"},{"taxonomy":"product_tag","embeddable":true,"href":"https:\/\/www.freeshopfrontiera.ch\/fr\/wp-json\/wp\/v2\/product_tag?post=8893"}],"curies":[{"name":"wp","href":"https:\/\/api.w.org\/{rel}","templated":true}]}}