{"id":8924,"date":"2024-11-27T15:06:51","date_gmt":"2024-11-27T15:06:51","guid":{"rendered":"https:\/\/freeshopswiss.alesca.org\/shop\/af-authentic-pour-homme\/"},"modified":"2024-11-27T15:06:51","modified_gmt":"2024-11-27T15:06:51","slug":"af-authentic-pour-homme","status":"publish","type":"product","link":"https:\/\/www.freeshopfrontiera.ch\/fr\/shop\/af-authentic-pour-homme\/","title":{"rendered":"A&amp;F Authentic Pour Homme"},"content":{"rendered":"<p><strong>A&amp;F Authentic For Men Eau de Toilette : Un parfum de style et de fra\u00eecheur<\/strong><\/p>\n<p>Abercrombie &amp; Fitch est synonyme d\u2019\u00e9l\u00e9gance et de fra\u00eecheur. Avec <strong>l\u2019Eau de Toilette Authentic For Men<\/strong>, la marque propose une fragrance unique et dynamique, con\u00e7ue pour l\u2019homme qui souhaite un parfum polyvalent, sophistiqu\u00e9 et affirm\u00e9. Ce parfum capture l\u2019essence de la masculinit\u00e9 contemporaine, ce qui le rend id\u00e9al pour toutes les occasions.  <\/p>\n<p><strong>Les notes olfactives d\u2019Abercrombie &amp; Fitch authentiques pour les hommes<\/strong><\/p>\n<p>Les notes de t\u00eate <strong>d\u2019Authentic For Men<\/strong> sont fra\u00eeches et citronn\u00e9es. L\u2019association de la <strong>bergamote<\/strong> et du <strong>citron vert<\/strong> cr\u00e9e une ouverture p\u00e9tillante, qui lib\u00e8re \u00e9nergie et vitalit\u00e9. Le c\u0153ur du parfum se caract\u00e9rise par un m\u00e9lange \u00e9pic\u00e9 et aromatique, avec des notes de <strong>cardamome<\/strong> et de <strong>poivre noir<\/strong>, qui ajoutent une dimension plus chaleureuse et plus sophistiqu\u00e9e. Les notes de fond, compos\u00e9es <strong>de bois de c\u00e8dre, d\u2019ambre et de<\/strong> <strong>musc<\/strong>, donnent un sillage intense et persistant, qui laisse une sensation de fra\u00eecheur qui dure dans le temps. <strong><\/strong>   <\/p>\n<p><strong>Un parfum polyvalent pour l\u2019homme moderne<\/strong><\/p>\n<p><strong>L\u2019eau de toilette Abercrombie &amp; Fitch Authentic For Men<\/strong> est parfaite pour l\u2019homme \u00e0 la recherche d\u2019un parfum polyvalent. Gr\u00e2ce \u00e0 sa fra\u00eecheur et son caract\u00e8re affirm\u00e9, il peut \u00eatre port\u00e9 \u00e0 tout moment de la journ\u00e9e. Id\u00e9al pour le bureau, mais aussi pour une soir\u00e9e informelle, ce parfum s\u2019adapte facilement \u00e0 diff\u00e9rentes situations, en conservant toujours une touche d\u2019\u00e9l\u00e9gance et de raffinement.  <\/p>\n<p><strong>Design \u00e9l\u00e9gant de la bouteille<\/strong><\/p>\n<p>Le <strong>flacon d\u2019Authentic For Men<\/strong> est simple mais \u00e9l\u00e9gant. Fabriqu\u00e9 en verre transparent, il r\u00e9v\u00e8le la couleur ambr\u00e9e du parfum, tandis que le capuchon en m\u00e9tal donne une touche de luxe discret. Le design sobre du flacon refl\u00e8te parfaitement la philosophie de la marque, avec un style \u00e9pur\u00e9 et contemporain.  <\/p>\n<p><strong>Pourquoi choisir A&amp;F Authentic For Men&nbsp;?<\/strong><\/p>\n<p>Si vous \u00eates \u00e0 la recherche d\u2019un parfum qui allie fra\u00eecheur et profondeur, <strong>l\u2019eau de toilette A&amp;F Authentic For Men<\/strong> est le choix id\u00e9al. Avec ses notes d\u2019agrumes et d\u2019\u00e9pices, il offre un parfum moderne et persistant, id\u00e9al pour l\u2019homme qui souhaite un parfum qui exprime sa personnalit\u00e9. Gr\u00e2ce \u00e0 sa polyvalence, il est parfait \u00e0 tout moment de la journ\u00e9e, en conservant une aura d\u2019\u00e9l\u00e9gance intemporelle.  <\/p>\n<p>Suivez toutes nos actualit\u00e9s ! <a href=\"https:\/\/www.instagram.com\/freeshopswiss\/\" target=\"_blank\" rel=\"noopener\">@freeshopswiss<\/a><\/p>\n","protected":false},"excerpt":{"rendered":"<p><em><strong>L\u2019eau de toilette Abercrombie &amp; Fitch Authentic For Men<\/strong> est un parfum frais et raffin\u00e9, aux notes de bergamote, de cardamome et de bois de c\u00e8dre. Parfait pour l\u2019homme moderne et dynamique. <\/em><\/p>\n","protected":false},"featured_media":8905,"comment_status":"open","ping_status":"closed","template":"","meta":[],"pwb-brand":[288],"product_brand":[],"product_cat":[87,89],"product_tag":[141,1629,143,97,4367],"class_list":{"0":"post-8924","1":"product","2":"type-product","3":"status-publish","4":"has-post-thumbnail","6":"pwb-brand-abercrombiefitch","7":"product_cat-parfums","8":"product_cat-pour-lui","9":"product_tag-eau-de-toilette-fr","10":"product_tag-mens-fragrances-fr","11":"product_tag-homme","12":"product_tag-parfums","13":"product_tag-special-printemps","15":"first","16":"instock","17":"sale","18":"taxable","19":"shipping-taxable","20":"purchasable","21":"product-type-variable","22":"has-default-attributes"},"brands":[{"id":288,"name":"Abercrombie&amp;Fitch","slug":"abercrombiefitch"}],"_links":{"self":[{"href":"https:\/\/www.freeshopfrontiera.ch\/fr\/wp-json\/wp\/v2\/product\/8924","targetHints":{"allow":["GET"]}}],"collection":[{"href":"https:\/\/www.freeshopfrontiera.ch\/fr\/wp-json\/wp\/v2\/product"}],"about":[{"href":"https:\/\/www.freeshopfrontiera.ch\/fr\/wp-json\/wp\/v2\/types\/product"}],"replies":[{"embeddable":true,"href":"https:\/\/www.freeshopfrontiera.ch\/fr\/wp-json\/wp\/v2\/comments?post=8924"}],"version-history":[{"count":0,"href":"https:\/\/www.freeshopfrontiera.ch\/fr\/wp-json\/wp\/v2\/product\/8924\/revisions"}],"wp:featuredmedia":[{"embeddable":true,"href":"https:\/\/www.freeshopfrontiera.ch\/fr\/wp-json\/wp\/v2\/media\/8905"}],"wp:attachment":[{"href":"https:\/\/www.freeshopfrontiera.ch\/fr\/wp-json\/wp\/v2\/media?parent=8924"}],"wp:term":[{"taxonomy":"pwb-brand","embeddable":true,"href":"https:\/\/www.freeshopfrontiera.ch\/fr\/wp-json\/wp\/v2\/pwb-brand?post=8924"},{"taxonomy":"product_brand","embeddable":true,"href":"https:\/\/www.freeshopfrontiera.ch\/fr\/wp-json\/wp\/v2\/product_brand?post=8924"},{"taxonomy":"product_cat","embeddable":true,"href":"https:\/\/www.freeshopfrontiera.ch\/fr\/wp-json\/wp\/v2\/product_cat?post=8924"},{"taxonomy":"product_tag","embeddable":true,"href":"https:\/\/www.freeshopfrontiera.ch\/fr\/wp-json\/wp\/v2\/product_tag?post=8924"}],"curies":[{"name":"wp","href":"https:\/\/api.w.org\/{rel}","templated":true}]}}