{"id":9043,"date":"2024-11-28T13:50:07","date_gmt":"2024-11-28T13:50:07","guid":{"rendered":"https:\/\/freeshopswiss.alesca.org\/shop\/ysl-lhomme-cologne-bleue\/"},"modified":"2024-11-28T13:50:07","modified_gmt":"2024-11-28T13:50:07","slug":"ysl-lhomme-cologne-bleue","status":"publish","type":"product","link":"https:\/\/www.freeshopfrontiera.ch\/fr\/shop\/ysl-lhomme-cologne-bleue\/","title":{"rendered":"YSL L&rsquo;Homme Cologne Bleue"},"content":{"rendered":"<div class=\"flex-1 overflow-hidden\">\n<div class=\"h-full\">\n<div class=\"react-scroll-to-bottom--css-wdrjj-79elbk h-full\">\n<div class=\"react-scroll-to-bottom--css-wdrjj-1n7m0yu\">\n<div class=\"flex flex-col text-sm md:pb-9\">\n<article class=\"w-full scroll-mb-[var(--thread-trailing-height,150px)] text-token-text-primary focus-visible:outline-2 focus-visible:outline-offset-[-4px]\" dir=\"auto\" data-testid=\"conversation-turn-5\" data-scroll-anchor=\"true\">\n<div class=\"m-auto text-base py-[18px] px-3 md:px-4 w-full md:px-5 lg:px-4 xl:px-5\">\n<div class=\"mx-auto flex flex-1 gap-4 text-base md:gap-5 lg:gap-6 md:max-w-3xl\">\n<div class=\"group\/conversation-turn relative flex w-full min-w-0 flex-col agent-turn\">\n<div class=\"flex-col gap-1 md:gap-3\">\n<div class=\"flex max-w-full flex-col flex-grow\">\n<div class=\"min-h-8 text-message flex w-full flex-col items-end gap-2 whitespace-normal break-words [.text-message+&amp;]:mt-5\" dir=\"auto\" data-message-author-role=\"assistant\" data-message-id=\"a37467f1-b3f8-470c-a7c8-aa1ed6f8dc93\" data-message-model-slug=\"gpt-4o-mini\">\n<div class=\"flex w-full flex-col gap-1 empty:hidden first:pt-[3px]\">\n<div class=\"markdown prose w-full break-words dark:prose-invert light\">\n<p><strong>YSL L\u2019Homme Cologne Bleue : une essence fra\u00eeche et masculine<\/strong><\/p>\n<p>Yves Saint Laurent est synonyme d\u2019\u00e9l\u00e9gance et de sophistication. Sa collection de parfums pour hommes continue d\u2019enchanter avec des cr\u00e9ations sophistiqu\u00e9es. <strong>L\u2019Homme Cologne Bleue Eau de Toilette<\/strong> est un parfum qui capture l\u2019essence de la fra\u00eecheur et de la modernit\u00e9, id\u00e9al pour l\u2019homme qui veut se d\u00e9marquer par son \u00e9l\u00e9gance. <\/p>\n<h3>Le parfum : une interpr\u00e9tation moderne de la fra\u00eecheur<\/h3>\n<p>L\u2019Homme Cologne Bleue est une r\u00e9interpr\u00e9tation de la fra\u00eecheur traditionnelle de l\u2019eau de Cologne, enrichie de notes aromatiques et masculines. Le parfum s\u2019ouvre sur une explosion d\u2019agrumes, en particulier de citron et de bergamote, ce qui lui donne un d\u00e9part frais et vif. Le c\u0153ur du parfum r\u00e9v\u00e8le une combinaison de lavande et de g\u00e9ranium, qui ajoutent une note florale mais \u00e9quilibr\u00e9e, parfaite pour l\u2019homme dynamique et contemporain. Enfin, le fond du parfum est envelopp\u00e9 de musc et de bois pr\u00e9cieux, qui donnent de la profondeur et une sensation d\u2019\u00e9l\u00e9gance durable.   <\/p>\n<h3>\u00c9l\u00e9gance et polyvalence pour toutes les occasions<\/h3>\n<p>Cette eau de toilette est id\u00e9ale pour un usage quotidien, gr\u00e2ce \u00e0 sa fra\u00eecheur qui la rend parfaite pour toutes les saisons. Sa polyvalence lui permet d\u2019\u00eatre port\u00e9 aussi bien lors d\u2019une journ\u00e9e de travail que pour une soir\u00e9e informelle, sans jamais \u00eatre intrusif. L\u2019Homme Cologne Bleue est con\u00e7u pour l\u2019homme moderne, qui appr\u00e9cie la simplicit\u00e9 mais ne renonce jamais au style.  <\/p>\n<h3>Le design : une bouteille raffin\u00e9e<\/h3>\n<p>Le flacon<strong> d\u2019YSL L\u2019Homme Cologne Bleue<\/strong> refl\u00e8te la puret\u00e9 et l\u2019\u00e9l\u00e9gance de la fragrance. Avec des lignes \u00e9pur\u00e9es et un design minimaliste, le verre bleu clair \u00e9voque le concept de fra\u00eecheur, tandis que le logo YSL ajoute une touche de classe. Ce parfum n\u2019est pas seulement un parfum, mais aussi un objet de design qui s\u2019int\u00e8gre parfaitement dans toute collection de produits de beaut\u00e9.  <\/p>\n<h3>Conclusion : Un parfum inoubliable<\/h3>\n<p>Yves Saint Laurent L\u2019Homme Cologne Bleue Eau de Toilette est un incontournable pour tous ceux qui recherchent un parfum frais, sophistiqu\u00e9 et polyvalent. Parfait pour l\u2019homme qui veut exprimer sa personnalit\u00e9 \u00e0 travers un parfum \u00e9l\u00e9gant et moderne. Avec sa combinaison unique de notes fra\u00eeches, florales et bois\u00e9es, ce parfum est en passe de devenir un classique intemporel.  <\/p>\n<\/div>\n<\/div>\n<\/div>\n<\/div>\n<div class=\"mb-2 flex gap-3 empty:hidden -ml-2\">\n<div class=\"items-center justify-start rounded-xl p-1 flex\"><\/div>\n<\/div>\n<\/div>\n<\/div>\n<\/div>\n<\/div>\n<\/article>\n<\/div>\n<\/div>\n<\/div>\n<\/div>\n<\/div>\n<div class=\"md:pt-0 dark:border-white\/20 md:border-transparent md:dark:border-transparent w-full\">\n<div>\n<div class=\"m-auto text-base px-3 md:px-4 w-full md:px-5 lg:px-4 xl:px-5\">\n<div class=\"mx-auto flex flex-1 gap-4 text-base md:gap-5 lg:gap-6 md:max-w-3xl\">\n<form class=\"w-full\" aria-haspopup=\"dialog\" aria-expanded=\"false\" aria-controls=\"radix-:r20:\" data-state=\"closed\">\n<div class=\"relative flex h-full max-w-full flex-1 flex-col\">\n<div class=\"group relative flex w-full items-center\">\n<div id=\"composer-background\" class=\"flex w-full cursor-text flex-col rounded-3xl px-2.5 py-1 transition-colors contain-inline-size bg-[#f4f4f4] dark:bg-token-main-surface-secondary\">\n<div class=\"flex h-[44px] items-center justify-between\">Suivez toutes nos actualit\u00e9s ! <a href=\"https:\/\/www.instagram.com\/freeshopswiss\/\" target=\"_blank\" rel=\"noopener\">@freeshopswiss <\/a><\/div>\n<\/div>\n<\/div>\n<\/div>\n<\/form>\n<\/div>\n<\/div>\n<div class=\"relative w-full px-2 py-2 text-center text-xs text-token-text-secondary empty:hidden md:px-[60px]\">\n<div class=\"min-h-4\">\n<div><\/div>\n<\/div>\n<\/div>\n<\/div>\n<\/div>\n","protected":false},"excerpt":{"rendered":"<p><em><strong>Yves Saint Laurent L\u2019Homme Cologne Bleue Eau de Toilette<\/strong> est un parfum frais et raffin\u00e9, aux notes d\u2019agrumes, de lavande et de bois pr\u00e9cieux. Parfait pour l\u2019homme moderne et dynamique. <\/em><\/p>\n","protected":false},"featured_media":9035,"comment_status":"open","ping_status":"closed","template":"","meta":[],"pwb-brand":[268],"product_brand":[],"product_cat":[87,89],"product_tag":[141,1629,97],"class_list":{"0":"post-9043","1":"product","2":"type-product","3":"status-publish","4":"has-post-thumbnail","6":"pwb-brand-yves-saint-laurent","7":"product_cat-parfums","8":"product_cat-pour-lui","9":"product_tag-eau-de-toilette-fr","10":"product_tag-mens-fragrances-fr","11":"product_tag-parfums","13":"first","14":"outofstock","15":"sale","16":"taxable","17":"shipping-taxable","18":"purchasable","19":"product-type-simple"},"brands":[{"id":268,"name":"Yves Saint Laurent","slug":"yves-saint-laurent"}],"_links":{"self":[{"href":"https:\/\/www.freeshopfrontiera.ch\/fr\/wp-json\/wp\/v2\/product\/9043","targetHints":{"allow":["GET"]}}],"collection":[{"href":"https:\/\/www.freeshopfrontiera.ch\/fr\/wp-json\/wp\/v2\/product"}],"about":[{"href":"https:\/\/www.freeshopfrontiera.ch\/fr\/wp-json\/wp\/v2\/types\/product"}],"replies":[{"embeddable":true,"href":"https:\/\/www.freeshopfrontiera.ch\/fr\/wp-json\/wp\/v2\/comments?post=9043"}],"version-history":[{"count":0,"href":"https:\/\/www.freeshopfrontiera.ch\/fr\/wp-json\/wp\/v2\/product\/9043\/revisions"}],"wp:featuredmedia":[{"embeddable":true,"href":"https:\/\/www.freeshopfrontiera.ch\/fr\/wp-json\/wp\/v2\/media\/9035"}],"wp:attachment":[{"href":"https:\/\/www.freeshopfrontiera.ch\/fr\/wp-json\/wp\/v2\/media?parent=9043"}],"wp:term":[{"taxonomy":"pwb-brand","embeddable":true,"href":"https:\/\/www.freeshopfrontiera.ch\/fr\/wp-json\/wp\/v2\/pwb-brand?post=9043"},{"taxonomy":"product_brand","embeddable":true,"href":"https:\/\/www.freeshopfrontiera.ch\/fr\/wp-json\/wp\/v2\/product_brand?post=9043"},{"taxonomy":"product_cat","embeddable":true,"href":"https:\/\/www.freeshopfrontiera.ch\/fr\/wp-json\/wp\/v2\/product_cat?post=9043"},{"taxonomy":"product_tag","embeddable":true,"href":"https:\/\/www.freeshopfrontiera.ch\/fr\/wp-json\/wp\/v2\/product_tag?post=9043"}],"curies":[{"name":"wp","href":"https:\/\/api.w.org\/{rel}","templated":true}]}}