{"id":9437,"date":"2024-12-27T15:30:38","date_gmt":"2024-12-27T15:30:38","guid":{"rendered":"https:\/\/freeshopswiss.alesca.org\/shop\/green-tea-honey-drop\/"},"modified":"2024-12-27T15:30:38","modified_gmt":"2024-12-27T15:30:38","slug":"green-tea-honey-drop","status":"publish","type":"product","link":"https:\/\/www.freeshopfrontiera.ch\/fr\/shop\/green-tea-honey-drop\/","title":{"rendered":"Green Tea Honey Drop"},"content":{"rendered":"<p><a href=\"https:\/\/www.freeshopfrontiera.ch\/en\/?s=elizabeth+\">ELIZABETH ARDEN<\/a> Green Tea Honey Drop<br \/>La cr\u00e8me corporelle Green Tea Honey Drop 500ml de ELIZABETH ARDEN est un soin hydratant luxueux et vivifiant, id\u00e9al pour dorloter votre peau avec une sensation de fra\u00eecheur et de douceur. Enrichie d&rsquo;extraits de th\u00e9 vert et de miel, cette cr\u00e8me nourrit en profondeur, laissant la peau douce, lisse et incroyablement hydrat\u00e9e.<br \/>Le th\u00e9 vert est r\u00e9put\u00e9 pour ses propri\u00e9t\u00e9s antioxydantes et apaisantes, qui aident \u00e0 prot\u00e9ger la peau des dommages environnementaux et \u00e0 r\u00e9duire l&rsquo;inflammation. Le miel, quant \u00e0 lui, est un puissant hydratant naturel, riche en enzymes, vitamines et nutriments qui nourrissent la peau en profondeur, restaurant ainsi sa douceur et son \u00e9lasticit\u00e9 naturelles.<br \/>La texture l\u00e9g\u00e8re et cr\u00e9meuse de la Green Tea Honey Drop p\u00e9n\u00e8tre rapidement, enveloppant la peau d&rsquo;un voile d&rsquo;hydratation et laissant une agr\u00e9able sensation de fra\u00eecheur et de confort. Appliquez-la quotidiennement apr\u00e8s la douche ou le bain pour une peau douce et lumineuse tout au long de la journ\u00e9e.<br \/>De plus, le format de 500 ml garantit une longue dur\u00e9e d&rsquo;utilisation et un excellent rapport qualit\u00e9-prix, vous permettant de profiter des bienfaits de cette merveilleuse cr\u00e8me pendant une p\u00e9riode prolong\u00e9e. Avec Green Tea Honey Drop de ELIZABETH ARDEN, transformez votre routine de beaut\u00e9 quotidienne en un v\u00e9ritable moment de plaisir et de bien-\u00eatre pour votre peau.<br \/>Pour une exp\u00e9rience compl\u00e8te d&rsquo;hydratation et de soin, essayez \u00e9galement les autres produits de la gamme Green Tea de ELIZABETH ARDEN, comme le gel nettoyant et le parfum, et offrez \u00e0 votre peau tout le soin et la nutrition qu&rsquo;elle m\u00e9rite.<br \/>Achetez maintenant la cr\u00e8me corporelle Green Tea et offrez \u00e0 votre peau un soin hydratant de luxe que vous aimerez chaque jour.<\/p>\n<p>Suivez toutes nos actualit\u00e9s ! <a href=\"https:\/\/www.instagram.com\/freeshopswiss\/\" target=\"_blank\" rel=\"noopener\">@freeshopswiss <\/a><\/p>\n<p>&nbsp;<\/p>\n","protected":false},"excerpt":{"rendered":"<p><em><strong>Green Tea Honey Drop 500ml d&rsquo;Elizabeth Arden<\/strong> est une lotion pour le corps enrichie en th\u00e9 vert et en miel, qui nourrit et hydrate la peau, la laissant velout\u00e9e et d\u00e9licatement parfum\u00e9e.<\/em><\/p>\n","protected":false},"featured_media":9431,"comment_status":"open","ping_status":"closed","template":"","meta":[],"pwb-brand":[289],"product_brand":[],"product_cat":[138,109,295],"product_tag":[280,297,296,4348,278,4367],"class_list":{"0":"post-9437","1":"product","2":"type-product","3":"status-publish","4":"has-post-thumbnail","6":"pwb-brand-elizabeth-arden","7":"product_cat-offre","8":"product_cat-pour-elle","9":"product_cat-traitements","10":"product_tag-bestseller-fr","11":"product_tag-creme-pour-le-corps","12":"product_tag-femme","13":"product_tag-fete-des-femmes","14":"product_tag-offre","15":"product_tag-special-printemps","17":"first","18":"instock","19":"sale","20":"taxable","21":"shipping-taxable","22":"purchasable","23":"product-type-simple"},"brands":[{"id":289,"name":"Elizabeth Arden","slug":"elizabeth-arden"}],"_links":{"self":[{"href":"https:\/\/www.freeshopfrontiera.ch\/fr\/wp-json\/wp\/v2\/product\/9437","targetHints":{"allow":["GET"]}}],"collection":[{"href":"https:\/\/www.freeshopfrontiera.ch\/fr\/wp-json\/wp\/v2\/product"}],"about":[{"href":"https:\/\/www.freeshopfrontiera.ch\/fr\/wp-json\/wp\/v2\/types\/product"}],"replies":[{"embeddable":true,"href":"https:\/\/www.freeshopfrontiera.ch\/fr\/wp-json\/wp\/v2\/comments?post=9437"}],"version-history":[{"count":0,"href":"https:\/\/www.freeshopfrontiera.ch\/fr\/wp-json\/wp\/v2\/product\/9437\/revisions"}],"wp:featuredmedia":[{"embeddable":true,"href":"https:\/\/www.freeshopfrontiera.ch\/fr\/wp-json\/wp\/v2\/media\/9431"}],"wp:attachment":[{"href":"https:\/\/www.freeshopfrontiera.ch\/fr\/wp-json\/wp\/v2\/media?parent=9437"}],"wp:term":[{"taxonomy":"pwb-brand","embeddable":true,"href":"https:\/\/www.freeshopfrontiera.ch\/fr\/wp-json\/wp\/v2\/pwb-brand?post=9437"},{"taxonomy":"product_brand","embeddable":true,"href":"https:\/\/www.freeshopfrontiera.ch\/fr\/wp-json\/wp\/v2\/product_brand?post=9437"},{"taxonomy":"product_cat","embeddable":true,"href":"https:\/\/www.freeshopfrontiera.ch\/fr\/wp-json\/wp\/v2\/product_cat?post=9437"},{"taxonomy":"product_tag","embeddable":true,"href":"https:\/\/www.freeshopfrontiera.ch\/fr\/wp-json\/wp\/v2\/product_tag?post=9437"}],"curies":[{"name":"wp","href":"https:\/\/api.w.org\/{rel}","templated":true}]}}